{"id":11518,"date":"2024-08-10T11:28:19","date_gmt":"2024-08-10T09:28:19","guid":{"rendered":"https:\/\/dlcompany.ch\/?page_id=11518"},"modified":"2024-08-10T11:28:57","modified_gmt":"2024-08-10T09:28:57","slug":"page-404","status":"publish","type":"page","link":"https:\/\/dlcompany.ch\/en\/page-404\/","title":{"rendered":"page-404"},"content":{"rendered":"<div data-elementor-type=\"wp-page\" data-elementor-id=\"11518\" class=\"elementor elementor-11518\" data-elementor-post-type=\"page\">\n\t\t\t\t\t\t<section class=\"elementor-section elementor-top-section elementor-element elementor-element-61a2bbbd elementor-section-height-min-height elementor-section-boxed elementor-section-height-default elementor-section-items-middle\" data-id=\"61a2bbbd\" data-element_type=\"section\" data-e-type=\"section\" data-settings=\"{&quot;background_background&quot;:&quot;classic&quot;}\">\n\t\t\t\t\t\t\t<div class=\"elementor-background-overlay\"><\/div>\n\t\t\t\t\t\t\t<div class=\"elementor-container elementor-column-gap-default\">\n\t\t\t\t\t<div class=\"elementor-column elementor-col-100 elementor-top-column elementor-element elementor-element-4583ddbe\" data-id=\"4583ddbe\" data-element_type=\"column\" data-e-type=\"column\">\n\t\t\t<div class=\"elementor-widget-wrap elementor-element-populated\">\n\t\t\t\t\t\t<div class=\"elementor-element elementor-element-10162fff animated-slow elementor-invisible elementor-widget elementor-widget-heading\" data-id=\"10162fff\" data-element_type=\"widget\" data-e-type=\"widget\" data-settings=\"{&quot;_animation&quot;:&quot;fadeIn&quot;}\" data-widget_type=\"heading.default\">\n\t\t\t\t<div class=\"elementor-widget-container\">\n\t\t\t\t\t<div class=\"elementor-heading-title elementor-size-default\">404<\/div>\t\t\t\t<\/div>\n\t\t\t\t<\/div>\n\t\t\t\t<div class=\"elementor-element elementor-element-3fbb12f7 elementor-widget elementor-widget-heading\" data-id=\"3fbb12f7\" data-element_type=\"widget\" data-e-type=\"widget\" data-widget_type=\"heading.default\">\n\t\t\t\t<div class=\"elementor-widget-container\">\n\t\t\t\t\t<h2 class=\"elementor-heading-title elementor-size-default\">Page Not Found<\/h2>\t\t\t\t<\/div>\n\t\t\t\t<\/div>\n\t\t\t\t<div class=\"elementor-element elementor-element-1363c102 elementor-widget elementor-widget-text-editor\" data-id=\"1363c102\" data-element_type=\"widget\" data-e-type=\"widget\" data-widget_type=\"text-editor.default\">\n\t\t\t\t<div class=\"elementor-widget-container\">\n\t\t\t\t\t\t\t\t\t<p class=\"whitespace-pre-wrap break-words\">Oups ! Page non trouv\u00e9e<\/p><p class=\"whitespace-pre-wrap break-words\">Cette page semble avoir d\u00e9m\u00e9nag\u00e9. Pas de souci, DL Company est l\u00e0 pour vous guider !<\/p><p class=\"whitespace-pre-wrap break-words\">Retournez \u00e0 l&rsquo;accueil ou contactez-nous.<\/p><p class=\"whitespace-pre-wrap break-words\">Nous sommes experts en d\u00e9m\u00e9nagement, pas en pages perdues.<\/p><p class=\"whitespace-pre-wrap break-words\">DL Company &#8211; Votre d\u00e9m\u00e9nageur \u00e0 Gen\u00e8ve<\/p>\t\t\t\t\t\t\t\t<\/div>\n\t\t\t\t<\/div>\n\t\t\t\t<div class=\"elementor-element elementor-element-74a00d86 elementor-align-center elementor-widget elementor-widget-button\" data-id=\"74a00d86\" data-element_type=\"widget\" data-e-type=\"widget\" data-widget_type=\"button.default\">\n\t\t\t\t<div class=\"elementor-widget-container\">\n\t\t\t\t\t\t\t\t\t<div class=\"elementor-button-wrapper\">\n\t\t\t\t\t<a class=\"elementor-button elementor-button-link elementor-size-sm elementor-animation-shrink\" href=\"https:\/\/dlcompany.ch\/en\/\">\n\t\t\t\t\t\t<span class=\"elementor-button-content-wrapper\">\n\t\t\t\t\t\t\t\t\t<span class=\"elementor-button-text\">Retour \u00e0 la page d'accueil<\/span>\n\t\t\t\t\t<\/span>\n\t\t\t\t\t<\/a>\n\t\t\t\t<\/div>\n\t\t\t\t\t\t\t\t<\/div>\n\t\t\t\t<\/div>\n\t\t\t\t\t<\/div>\n\t\t<\/div>\n\t\t\t\t\t<\/div>\n\t\t<\/section>\n\t\t\t\t<\/div>","protected":false},"excerpt":{"rendered":"<p>404 Page Not Found Oups ! Page non trouv\u00e9e Cette page semble avoir d\u00e9m\u00e9nag\u00e9. Pas de souci, DL Company est l\u00e0 pour vous guider ! Retournez \u00e0 l&rsquo;accueil ou contactez-nous. Nous sommes experts en d\u00e9m\u00e9nagement, pas en pages perdues. DL Company &#8211; Votre d\u00e9m\u00e9nageur \u00e0 Gen\u00e8ve Retour \u00e0 la page d&rsquo;accueil<\/p>","protected":false},"author":1,"featured_media":0,"parent":0,"menu_order":0,"comment_status":"closed","ping_status":"closed","template":"elementor_canvas","meta":{"footnotes":""},"class_list":["post-11518","page","type-page","status-publish","hentry"],"yoast_head":"<!-- This site is optimized with the Yoast SEO Premium plugin v19.6 (Yoast SEO v27.4) - https:\/\/yoast.com\/product\/yoast-seo-premium-wordpress\/ -->\n<title>page-404 - DL COMPANY<\/title>\n<meta name=\"robots\" content=\"index, follow, max-snippet:-1, max-image-preview:large, max-video-preview:-1\" \/>\n<link rel=\"canonical\" href=\"https:\/\/dlcompany.ch\/en\/page-404\/\" \/>\n<meta property=\"og:locale\" content=\"en_US\" \/>\n<meta property=\"og:type\" content=\"article\" \/>\n<meta property=\"og:title\" content=\"page-404\" \/>\n<meta property=\"og:description\" content=\"404 Page Not Found Oups ! Page non trouv\u00e9e Cette page semble avoir d\u00e9m\u00e9nag\u00e9. Pas de souci, DL Company est l\u00e0 pour vous guider ! Retournez \u00e0 l&rsquo;accueil ou contactez-nous. Nous sommes experts en d\u00e9m\u00e9nagement, pas en pages perdues. DL Company &#8211; Votre d\u00e9m\u00e9nageur \u00e0 Gen\u00e8ve Retour \u00e0 la page d&rsquo;accueil\" \/>\n<meta property=\"og:url\" content=\"https:\/\/dlcompany.ch\/en\/page-404\/\" \/>\n<meta property=\"og:site_name\" content=\"DL COMPANY\" \/>\n<meta property=\"article:publisher\" content=\"https:\/\/www.facebook.com\/dlcompany.ch\" \/>\n<meta property=\"article:modified_time\" content=\"2024-08-10T09:28:57+00:00\" \/>\n<meta name=\"twitter:card\" content=\"summary_large_image\" \/>\n<meta name=\"twitter:label1\" content=\"Est. reading time\" \/>\n\t<meta name=\"twitter:data1\" content=\"1 minute\" \/>\n<script type=\"application\/ld+json\" class=\"yoast-schema-graph\">{\"@context\":\"https:\\\/\\\/schema.org\",\"@graph\":[{\"@type\":\"WebPage\",\"@id\":\"https:\\\/\\\/dlcompany.ch\\\/page-404\\\/\",\"url\":\"https:\\\/\\\/dlcompany.ch\\\/page-404\\\/\",\"name\":\"page-404 - DL COMPANY\",\"isPartOf\":{\"@id\":\"https:\\\/\\\/dlcompany.ch\\\/#website\"},\"datePublished\":\"2024-08-10T09:28:19+00:00\",\"dateModified\":\"2024-08-10T09:28:57+00:00\",\"breadcrumb\":{\"@id\":\"https:\\\/\\\/dlcompany.ch\\\/page-404\\\/#breadcrumb\"},\"inLanguage\":\"en-US\",\"potentialAction\":[{\"@type\":\"ReadAction\",\"target\":[\"https:\\\/\\\/dlcompany.ch\\\/page-404\\\/\"]}]},{\"@type\":\"BreadcrumbList\",\"@id\":\"https:\\\/\\\/dlcompany.ch\\\/page-404\\\/#breadcrumb\",\"itemListElement\":[{\"@type\":\"ListItem\",\"position\":1,\"name\":\"Home\",\"item\":\"https:\\\/\\\/dlcompany.ch\\\/\"},{\"@type\":\"ListItem\",\"position\":2,\"name\":\"page-404\"}]},{\"@type\":\"WebSite\",\"@id\":\"https:\\\/\\\/dlcompany.ch\\\/#website\",\"url\":\"https:\\\/\\\/dlcompany.ch\\\/\",\"name\":\"DL Company\",\"description\":\"Le choix des missions permanentes, entreprises et clients exigeants\",\"publisher\":{\"@id\":\"https:\\\/\\\/dlcompany.ch\\\/#organization\"},\"potentialAction\":[{\"@type\":\"SearchAction\",\"target\":{\"@type\":\"EntryPoint\",\"urlTemplate\":\"https:\\\/\\\/dlcompany.ch\\\/?s={search_term_string}\"},\"query-input\":{\"@type\":\"PropertyValueSpecification\",\"valueRequired\":true,\"valueName\":\"search_term_string\"}}],\"inLanguage\":\"en-US\"},{\"@type\":\"Organization\",\"@id\":\"https:\\\/\\\/dlcompany.ch\\\/#organization\",\"name\":\"DL COMPANY\",\"alternateName\":\"DL COMPANY S\u00c1RL\",\"url\":\"https:\\\/\\\/dlcompany.ch\\\/\",\"logo\":{\"@type\":\"ImageObject\",\"inLanguage\":\"en-US\",\"@id\":\"https:\\\/\\\/dlcompany.ch\\\/#\\\/schema\\\/logo\\\/image\\\/\",\"url\":\"https:\\\/\\\/dlcompany.ch\\\/wp-content\\\/uploads\\\/2025\\\/04\\\/logo500x500negro.jpg\",\"contentUrl\":\"https:\\\/\\\/dlcompany.ch\\\/wp-content\\\/uploads\\\/2025\\\/04\\\/logo500x500negro.jpg\",\"width\":500,\"height\":500,\"caption\":\"DL COMPANY\"},\"image\":{\"@id\":\"https:\\\/\\\/dlcompany.ch\\\/#\\\/schema\\\/logo\\\/image\\\/\"},\"sameAs\":[\"https:\\\/\\\/www.facebook.com\\\/dlcompany.ch\",\"https:\\\/\\\/www.instagram.com\\\/dlcompany.ch\\\/\",\"https:\\\/\\\/www.youtube.com\\\/@dlcompanygeneve\\\/\"]}]}<\/script>\n<!-- \/ Yoast SEO Premium plugin. -->","yoast_head_json":{"title":"page-404 - DL COMPANY","robots":{"index":"index","follow":"follow","max-snippet":"max-snippet:-1","max-image-preview":"max-image-preview:large","max-video-preview":"max-video-preview:-1"},"canonical":"https:\/\/dlcompany.ch\/en\/page-404\/","og_locale":"en_US","og_type":"article","og_title":"page-404","og_description":"404 Page Not Found Oups ! Page non trouv\u00e9e Cette page semble avoir d\u00e9m\u00e9nag\u00e9. Pas de souci, DL Company est l\u00e0 pour vous guider ! Retournez \u00e0 l&rsquo;accueil ou contactez-nous. Nous sommes experts en d\u00e9m\u00e9nagement, pas en pages perdues. DL Company &#8211; Votre d\u00e9m\u00e9nageur \u00e0 Gen\u00e8ve Retour \u00e0 la page d&rsquo;accueil","og_url":"https:\/\/dlcompany.ch\/en\/page-404\/","og_site_name":"DL COMPANY","article_publisher":"https:\/\/www.facebook.com\/dlcompany.ch","article_modified_time":"2024-08-10T09:28:57+00:00","twitter_card":"summary_large_image","twitter_misc":{"Est. reading time":"1 minute"},"schema":{"@context":"https:\/\/schema.org","@graph":[{"@type":"WebPage","@id":"https:\/\/dlcompany.ch\/page-404\/","url":"https:\/\/dlcompany.ch\/page-404\/","name":"page-404 - DL COMPANY","isPartOf":{"@id":"https:\/\/dlcompany.ch\/#website"},"datePublished":"2024-08-10T09:28:19+00:00","dateModified":"2024-08-10T09:28:57+00:00","breadcrumb":{"@id":"https:\/\/dlcompany.ch\/page-404\/#breadcrumb"},"inLanguage":"en-US","potentialAction":[{"@type":"ReadAction","target":["https:\/\/dlcompany.ch\/page-404\/"]}]},{"@type":"BreadcrumbList","@id":"https:\/\/dlcompany.ch\/page-404\/#breadcrumb","itemListElement":[{"@type":"ListItem","position":1,"name":"Home","item":"https:\/\/dlcompany.ch\/"},{"@type":"ListItem","position":2,"name":"page-404"}]},{"@type":"WebSite","@id":"https:\/\/dlcompany.ch\/#website","url":"https:\/\/dlcompany.ch\/","name":"DL Company","description":"Le choix des missions permanentes, entreprises et clients exigeants","publisher":{"@id":"https:\/\/dlcompany.ch\/#organization"},"potentialAction":[{"@type":"SearchAction","target":{"@type":"EntryPoint","urlTemplate":"https:\/\/dlcompany.ch\/?s={search_term_string}"},"query-input":{"@type":"PropertyValueSpecification","valueRequired":true,"valueName":"search_term_string"}}],"inLanguage":"en-US"},{"@type":"Organization","@id":"https:\/\/dlcompany.ch\/#organization","name":"DL COMPANY","alternateName":"DL COMPANY S\u00c1RL","url":"https:\/\/dlcompany.ch\/","logo":{"@type":"ImageObject","inLanguage":"en-US","@id":"https:\/\/dlcompany.ch\/#\/schema\/logo\/image\/","url":"https:\/\/dlcompany.ch\/wp-content\/uploads\/2025\/04\/logo500x500negro.jpg","contentUrl":"https:\/\/dlcompany.ch\/wp-content\/uploads\/2025\/04\/logo500x500negro.jpg","width":500,"height":500,"caption":"DL COMPANY"},"image":{"@id":"https:\/\/dlcompany.ch\/#\/schema\/logo\/image\/"},"sameAs":["https:\/\/www.facebook.com\/dlcompany.ch","https:\/\/www.instagram.com\/dlcompany.ch\/","https:\/\/www.youtube.com\/@dlcompanygeneve\/"]}]}},"_links":{"self":[{"href":"https:\/\/dlcompany.ch\/en\/wp-json\/wp\/v2\/pages\/11518","targetHints":{"allow":["GET"]}}],"collection":[{"href":"https:\/\/dlcompany.ch\/en\/wp-json\/wp\/v2\/pages"}],"about":[{"href":"https:\/\/dlcompany.ch\/en\/wp-json\/wp\/v2\/types\/page"}],"author":[{"embeddable":true,"href":"https:\/\/dlcompany.ch\/en\/wp-json\/wp\/v2\/users\/1"}],"replies":[{"embeddable":true,"href":"https:\/\/dlcompany.ch\/en\/wp-json\/wp\/v2\/comments?post=11518"}],"version-history":[{"count":0,"href":"https:\/\/dlcompany.ch\/en\/wp-json\/wp\/v2\/pages\/11518\/revisions"}],"wp:attachment":[{"href":"https:\/\/dlcompany.ch\/en\/wp-json\/wp\/v2\/media?parent=11518"}],"curies":[{"name":"wp","href":"https:\/\/api.w.org\/{rel}","templated":true}]}}